{"id":3,"date":"2025-02-23T13:32:37","date_gmt":"2025-02-23T13:32:37","guid":{"rendered":"https:\/\/apartmani-vrsi.com\/?page_id=3"},"modified":"2025-03-15T13:35:37","modified_gmt":"2025-03-15T13:35:37","slug":"pravila-koristenja","status":"publish","type":"page","link":"https:\/\/apartmani-vrsi.com\/hr\/pravila-koristenja\/","title":{"rendered":"Pravila kori\u0161tenja"},"content":{"rendered":"<h3 class=\"wp-block-heading\"><strong><strong>Uvjeti kori\u0161tenja web stranice www.apartmani-vrsi.com<\/strong><\/strong><\/h3>\n\n\n\n<p>Web-stranica <a href=\"http:\/\/www.apartments-vrsi.com\">www.apartmani-vrsi.com<\/a> i sve njegove poddomene (u daljnjem tekstu \u201cWeb stranica\u201d) u vlasni\u0161tvu su tvrtke xxxxxxxx, xxxxxxxxx xx, xxxxx, xxxxx, Republika Hrvatska (u daljnjem tekstu \u201cVlasnik web stranice\u201d). Kori\u0161tenjem ove web stranice pristajete na ove uvjete kori\u0161tenja i napomene koje su ovdje sadr\u017eane. Ukoliko se ne sla\u017eete s ovim op\u0107im uvjetima kori\u0161tenja web stranice, molimo vas da je ne koristite!<\/p>\n\n\n\n<h3 class=\"wp-block-heading\"><strong>Op\u0107e odredbe o web stranici www.apartmani-vrsi.com<\/strong><\/h3>\n\n\n\n<p>Web stranica nije turisti\u010dka agencija koja iznajmljuje smje\u0161taj u ime i za ra\u010dun pru\u017eatelja usluga smje\u0161taja i ne napla\u0107uje proviziju; ve\u0107 slu\u017ei kao online katalog smje\u0161tajnih jedinica u Op\u0107ini Vrsi, Republika Hrvatska. To zna\u010di da stranice www.apartmani-vrsi.com slu\u017ee za promid\u017ebu i ogla\u0161avanje apartmana, studija, soba, hotela, hostela, vila, kampova i drugih registriranih objekata koji pru\u017eaju usluge smje\u0161taja gostima ili nude usluge vezane uz turizam, sport, rekreaciju i opu\u0161tanje.<\/p>\n\n\n\n<h3 class=\"wp-block-heading\"><strong>Ograni\u010denje na osobnu, nekomercijalnu upotrebu<\/strong><\/h3>\n\n\n\n<p>Ova web stranica namijenjena je za osobnu, nekomercijalnu upotrebu. Nije dopu\u0161teno mijenjati, kopirati, distribuirati, prikazivati, objavljivati \u200b\u200bili na drugi na\u010din prenositi ili prodavati bilo koje informacije, usluge ili proizvode objavljene na ovoj web stranici bez izri\u010ditog pristanka vlasnika ili ogla\u0161iva\u010da. Materijali na ovim stranicama za\u0161ti\u0107eni su zakonom o autorskim pravima te svako neovla\u0161teno kori\u0161tenje materijala mo\u017ee predstavljati povredu Zakona o autorskom i srodnim pravima, Kaznenog zakona i drugih pravnih propisa Republike Hrvatske.<br>In case of any violation of these terms, your authorization to use this Website will automatically terminate, and you are obliged to immediately destroy any material you may have downloaded or printed.<\/p>\n\n\n\n<h3 class=\"wp-block-heading\"><strong>Vlasni\u0161tvo, prava i odgovornosti<\/strong><\/h3>\n\n\n\n<p>Sadr\u017eaj ove web stranice u vlasni\u0161tvu je tvrtke xxxxxxxxxx, xxxxxxxxx xx, xxxxx, xxxxx (vlasnik web stranice). Sadr\u017eaj koji nije u vlasni\u0161tvu Vlasnika web stranice koristi se uz dopu\u0161tenje njegovog autora\/vlasnika, koji u svakom trenutku ima pravo zatra\u017eiti uklanjanje svojih podataka s ove web stranice, kao i ostala prava vezana uz obradu osobnih podataka sukladno Op\u0107oj uredbi o za\u0161titi podataka (GDPR) i relevantnim zakonima Republike Hrvatske.<br>For more information on personal data protection, refer to the General Terms of Advertising.<\/p>\n\n\n\n<h3 class=\"wp-block-heading\"><strong>Ograni\u010denje odgovornosti<\/strong><\/h3>\n\n\n\n<p>Stranica www.apartmani-vrsi.com isklju\u010divo prenosi podatke dobivene od ogla\u0161iva\u010da, te Vlasnik stranice ne preuzima materijalnu niti kaznenu odgovornost ukoliko podaci o privatnom smje\u0161taju, apartmanima i\/ili sobama ne odgovaraju stvarnom stanju. Portal isklju\u010divo ogla\u0161ava ponude privatnih i registriranih ogla\u0161iva\u010da u Republici Hrvatskoj.<br>Vlasnik web stranice u potpunosti se odri\u010de svake odgovornosti koja bi na bilo koji na\u010din mogla biti povezana s kori\u0161tenjem web stranice unutar domene www.apartmani-vrsi.com, za bilo kakve radnje korisnika vezane uz kori\u0161tenje ili zlouporabu sadr\u017eaja ovih web stranica, kao i za bilo kakvu \u0161tetu koja bi korisniku ili tre\u0107oj strani mogla nastati kori\u0161tenjem ili zlouporabom sadr\u017eaja www.apartmani-vrsi.com.<\/p>\n\n\n\n<h3 class=\"wp-block-heading\"><strong>Za\u0161tita privatnosti i kori\u0161tenje osobnih podataka<\/strong><\/h3>\n\n\n\n<p>Va\u0161a privatnost nam je va\u017ena i nikada ne zlorabimo podatke koje dobrovoljno unesete na web stranici. Vlasnik web stranice obvezuje se na po\u0161tivanje anonimnosti i privatnosti na web stranici u mjeri u kojoj to dopu\u0161ta priroda na\u0161eg odnosa i poslovanja.<br>Users of the Website services agree that the Website Owner collects personal data, including:<\/p>\n\n\n\n<ul class=\"wp-block-list\">\n<li>Puni naziv<\/li>\n\n\n\n<li>Adresa E-po\u0161te<\/li>\n\n\n\n<li>Broj telefona<\/li>\n<\/ul>\n\n\n\n<p>Ovi podaci za kontakt potrebni su kako bi se ogla\u0161iva\u010dima i korisnicima omogu\u0107ilo kori\u0161tenje usluga web stranice. Ove informacije \u0107e se koristiti samo za povezivanje korisnika s pru\u017eateljima usluga (ogla\u0161iva\u010dima) i ne\u0107e se koristiti u druge svrhe.<br>Osim navedenih podataka, korisnici mogu pru\u017eiti informacije i na druge na\u010dine prilikom ispunjavanja obrazaca, pretra\u017eivanja, a\u017euriranja podataka, odgovaranja na ankete, sudjelovanja u promocijama ili kori\u0161tenja posebnih ponuda na web stranici. Tako prikupljeni podaci su anonimni, a Vlasnik web stranice se obvezuje koristiti ih isklju\u010divo u tu svrhu i ne\u0107e ih dijeliti s tre\u0107im stranama.<\/p>\n\n\n\n<p>Komentari korisnika (ocjene, recenzije) o uslugama ogla\u0161iva\u010da bit \u0107e objavljeni na web stranici i za njih nije potrebna suglasnost ogla\u0161iva\u010da. Vlasnik web stranice ne kontrolira i nije odgovoran za informacije koje daju korisnici, a koje mogu sadr\u017eavati podatke o ogla\u0161iva\u010dima. Zahtjevi za informacijama u vezi s objavom osobnih podataka trebaju biti upu\u0107eni ogla\u0161iva\u010du. U slu\u010daju pritu\u017ebi ogla\u0161iva\u010da na to\u010dnost i zahtjeva za brisanjem komentara korisnika, Vlasnik web stranice mo\u017ee od ogla\u0161iva\u010da i korisnika zatra\u017eiti dodatne podatke koji \u0107e se koristiti isklju\u010divo za utvr\u0111ivanje opravdanosti zahtjeva za brisanjem.<\/p>\n\n\n\n<p>Personal data you provide through the Website, including interactive data collection forms (e.g., inquiry forms), will be used exclusively in accordance with the General Data Protection Regulation (GDPR EU 2016\/679 of the European Parliament and the Council of April 27, 2016).<br>U bilo kojem trenutku mo\u017eete zatra\u017eiti uvid u to kako se Va\u0161i osobni podaci pohranjuju, koriste i distribuiraju od strane Vlasnika web stranice. Rok za dostavu tra\u017eenih podataka je 15 dana od dana podno\u0161enja zahtjeva. Zahtjev mo\u017eete podnijeti pisanim putem ili putem e-po\u0161te.<br>Tako\u0111er mo\u017eete u bilo kojem trenutku zatra\u017eiti izmjenu ili potpuno brisanje svih svojih osobnih i drugih podataka.<br>Va\u0161i prikupljeni osobni podaci ne\u0107e se koristiti ni u koju drugu svrhu osim prethodno navedenih. Ne smiju se zlorabiti, tajno obra\u0111ivati, prodavati tre\u0107im osobama, a njihova distribucija neovla\u0161tenim osobama dopu\u0161tena je samo uz pisani pristanak ogla\u0161iva\u010da i korisnika.<\/p>\n\n\n\n<p>Va\u0161i osobni podaci bilje\u017ee se u elektroni\u010dkom obliku i pohranjuju u prostorijama vlasnika web stranice. Prikupljeni podaci dostupni su Vlasniku web stranice, administratoru web stranice i ra\u010dunovo\u0111i web stranice. Nijedna druga osoba nije ovla\u0161tena za pristup va\u0161im osobnim podacima.<br>Rok \u010duvanja poslovne dokumentacije koja sadr\u017ei va\u0161e osobne podatke je 11 godina. Nakon tog razdoblja va\u0161i osobni podaci bit \u0107e uni\u0161teni.<br>Druge komunikacije ili materijali koje nam po\u0161aljete, kao \u0161to su pohvale, komentari, prijedlozi itd., ne\u0107e se tretirati kao povjerljivi i njima \u0107e se slobodno upravljati.<\/p>\n\n\n\n<h3 class=\"wp-block-heading\"><strong>Promocije i popusti<\/strong><\/h3>\n\n\n\n<p>Popusti se ne zbrajaju, a akcije se me\u0111usobno isklju\u010duju. Ako ispunjavate uvjete za vi\u0161e popusta iz razli\u010ditih razloga i koristite jedan za produljenje \u010dlanstva, neiskori\u0161teni popust temeljen na drugom razlogu ostaje na va\u0161em ra\u010dunu i mo\u017ee se koristiti za sljede\u0107u obnovu \u010dlanstva.<\/p>\n\n\n\n<h3 class=\"wp-block-heading\"><strong>Pravo na isklju\u010denje<\/strong><\/h3>\n\n\n\n<p>Vlasnik web stranice zadr\u017eava pravo isklju\u010diti, bez naknade za ve\u0107 pla\u0107eni oglas, svakog korisnika koji kr\u0161i Op\u0107e uvjete kori\u0161tenja web stranice, na bilo koji na\u010din ometa funkcionalnost web stranice ili na bilo koji na\u010din kr\u0161i prava ogla\u0161iva\u010da i korisnika. Ovo se posebice odnosi na korisnike koji zlouporabe objavljene informacije ili na bilo koji na\u010din neovla\u0161teno koriste sadr\u017eaj web stranice, posebice u vezi s kopiranjem sadr\u017eaja s www.apartmani-vrsi.com i objavljivanjem istih na drugoj platformi za ogla\u0161avanje, navo\u0111enjem ogla\u0161iva\u010da na ogla\u0161avanje na sli\u010dnim web stranicama ili drugim medijima za ogla\u0161avanje kontaktiraju\u0107i ih na bilo koji na\u010din i nude\u0107i svoje usluge.<br>U tom slu\u010daju, uz isklju\u010denje takvog korisnika, Vlasnik web stranice mo\u017ee zahtijevati naknadu \u0161tete ili izgubljene dobiti.<br>Promjene ovih uvjeta i drugih uvjeta poslovanja<br>Vlasnik web stranice zadr\u017eava pravo izmjene navedenih uvjeta kori\u0161tenja web stranice i ostalih uvjeta poslovanja bez prethodne najave.<br>xxxxxxx, xxxxxxxxx xx, xxxxx, xxxxx, Republika Hrvatska.<\/p>\n\n\n\n<p><\/p>","protected":false},"excerpt":{"rendered":"<p>Terms of Use for the Website www.apartmani-vrsi.com The website www.apartmani-vrsi.com and all its subdomains (hereinafter referred to as the &#8220;Website&#8221;) are owned by the company xxxxxxxx, xxxxxxxxx xx, xxxxx, xxxxx, Republic of Croatia (hereinafter referred to as the &#8220;Website Owner&#8221;). By using this Website, you agree to these terms of use and the notices contained [&hellip;]<\/p>","protected":false},"author":1,"featured_media":0,"parent":0,"menu_order":0,"comment_status":"closed","ping_status":"closed","template":"","meta":{"footnotes":""},"class_list":["post-3","page","type-page","status-publish","hentry"],"yoast_head":"<!-- This site is optimized with the Yoast SEO plugin v25.2 - https:\/\/yoast.com\/wordpress\/plugins\/seo\/ -->\n<title>Terms of use - Apartmani Vrsi<\/title>\n<meta name=\"robots\" content=\"index, follow, max-snippet:-1, max-image-preview:large, max-video-preview:-1\" \/>\n<link rel=\"canonical\" href=\"https:\/\/apartmani-vrsi.com\/hr\/pravila-koristenja\/\" \/>\n<meta property=\"og:locale\" content=\"hr_HR\" \/>\n<meta property=\"og:type\" content=\"article\" \/>\n<meta property=\"og:title\" content=\"Terms of use - Apartmani Vrsi\" \/>\n<meta property=\"og:description\" content=\"Terms of Use for the Website www.apartmani-vrsi.com The website www.apartmani-vrsi.com and all its subdomains (hereinafter referred to as the &#8220;Website&#8221;) are owned by the company xxxxxxxx, xxxxxxxxx xx, xxxxx, xxxxx, Republic of Croatia (hereinafter referred to as the &#8220;Website Owner&#8221;). By using this Website, you agree to these terms of use and the notices contained [&hellip;]\" \/>\n<meta property=\"og:url\" content=\"https:\/\/apartmani-vrsi.com\/hr\/pravila-koristenja\/\" \/>\n<meta property=\"og:site_name\" content=\"Apartmani Vrsi\" \/>\n<meta property=\"article:publisher\" content=\"https:\/\/www.facebook.com\/apt.vrsi.info\" \/>\n<meta property=\"article:modified_time\" content=\"2025-03-15T13:35:37+00:00\" \/>\n<meta property=\"og:image\" content=\"https:\/\/apartmani-vrsi.com\/wp-content\/uploads\/2025\/04\/Original-on-transparent.png\" \/>\n\t<meta property=\"og:image:width\" content=\"1200\" \/>\n\t<meta property=\"og:image:height\" content=\"547\" \/>\n\t<meta property=\"og:image:type\" content=\"image\/png\" \/>\n<meta name=\"twitter:card\" content=\"summary_large_image\" \/>\n<meta name=\"twitter:label1\" content=\"Procijenjeno vrijeme \u010ditanja\" \/>\n\t<meta name=\"twitter:data1\" content=\"6 minuta\" \/>\n<script type=\"application\/ld+json\" class=\"yoast-schema-graph\">{\"@context\":\"https:\/\/schema.org\",\"@graph\":[{\"@type\":\"WebPage\",\"@id\":\"https:\/\/apartmani-vrsi.com\/pravila-koristenja\/\",\"url\":\"https:\/\/apartmani-vrsi.com\/pravila-koristenja\/\",\"name\":\"Terms of use - Apartmani Vrsi\",\"isPartOf\":{\"@id\":\"https:\/\/apartmani-vrsi.com\/hr\/#website\"},\"datePublished\":\"2025-02-23T13:32:37+00:00\",\"dateModified\":\"2025-03-15T13:35:37+00:00\",\"breadcrumb\":{\"@id\":\"https:\/\/apartmani-vrsi.com\/pravila-koristenja\/#breadcrumb\"},\"inLanguage\":\"hr\",\"potentialAction\":[{\"@type\":\"ReadAction\",\"target\":[\"https:\/\/apartmani-vrsi.com\/pravila-koristenja\/\"]}]},{\"@type\":\"BreadcrumbList\",\"@id\":\"https:\/\/apartmani-vrsi.com\/pravila-koristenja\/#breadcrumb\",\"itemListElement\":[{\"@type\":\"ListItem\",\"position\":1,\"name\":\"Home\",\"item\":\"https:\/\/apartmani-vrsi.com\/\"},{\"@type\":\"ListItem\",\"position\":2,\"name\":\"Terms of use\"}]},{\"@type\":\"WebSite\",\"@id\":\"https:\/\/apartmani-vrsi.com\/hr\/#website\",\"url\":\"https:\/\/apartmani-vrsi.com\/hr\/\",\"name\":\"Apartmani Vrsi\",\"description\":\"\",\"publisher\":{\"@id\":\"https:\/\/apartmani-vrsi.com\/hr\/#organization\"},\"potentialAction\":[{\"@type\":\"SearchAction\",\"target\":{\"@type\":\"EntryPoint\",\"urlTemplate\":\"https:\/\/apartmani-vrsi.com\/hr\/?s={search_term_string}\"},\"query-input\":{\"@type\":\"PropertyValueSpecification\",\"valueRequired\":true,\"valueName\":\"search_term_string\"}}],\"inLanguage\":\"hr\"},{\"@type\":\"Organization\",\"@id\":\"https:\/\/apartmani-vrsi.com\/hr\/#organization\",\"name\":\"Apartmani Vrsi\",\"url\":\"https:\/\/apartmani-vrsi.com\/hr\/\",\"logo\":{\"@type\":\"ImageObject\",\"inLanguage\":\"hr\",\"@id\":\"https:\/\/apartmani-vrsi.com\/hr\/#\/schema\/logo\/image\/\",\"url\":\"https:\/\/apartmani-vrsi.com\/wp-content\/uploads\/2025\/03\/house.webp\",\"contentUrl\":\"https:\/\/apartmani-vrsi.com\/wp-content\/uploads\/2025\/03\/house.webp\",\"width\":322,\"height\":200,\"caption\":\"Apartmani Vrsi\"},\"image\":{\"@id\":\"https:\/\/apartmani-vrsi.com\/hr\/#\/schema\/logo\/image\/\"},\"sameAs\":[\"https:\/\/www.facebook.com\/apt.vrsi.info\"]}]}<\/script>\n<!-- \/ Yoast SEO plugin. -->","yoast_head_json":{"title":"Terms of use - Apartmani Vrsi","robots":{"index":"index","follow":"follow","max-snippet":"max-snippet:-1","max-image-preview":"max-image-preview:large","max-video-preview":"max-video-preview:-1"},"canonical":"https:\/\/apartmani-vrsi.com\/hr\/pravila-koristenja\/","og_locale":"hr_HR","og_type":"article","og_title":"Terms of use - Apartmani Vrsi","og_description":"Terms of Use for the Website www.apartmani-vrsi.com The website www.apartmani-vrsi.com and all its subdomains (hereinafter referred to as the &#8220;Website&#8221;) are owned by the company xxxxxxxx, xxxxxxxxx xx, xxxxx, xxxxx, Republic of Croatia (hereinafter referred to as the &#8220;Website Owner&#8221;). By using this Website, you agree to these terms of use and the notices contained [&hellip;]","og_url":"https:\/\/apartmani-vrsi.com\/hr\/pravila-koristenja\/","og_site_name":"Apartmani Vrsi","article_publisher":"https:\/\/www.facebook.com\/apt.vrsi.info","article_modified_time":"2025-03-15T13:35:37+00:00","og_image":[{"width":1200,"height":547,"url":"https:\/\/apartmani-vrsi.com\/wp-content\/uploads\/2025\/04\/Original-on-transparent.png","type":"image\/png"}],"twitter_card":"summary_large_image","twitter_misc":{"Procijenjeno vrijeme \u010ditanja":"6 minuta"},"schema":{"@context":"https:\/\/schema.org","@graph":[{"@type":"WebPage","@id":"https:\/\/apartmani-vrsi.com\/pravila-koristenja\/","url":"https:\/\/apartmani-vrsi.com\/pravila-koristenja\/","name":"Terms of use - Apartmani Vrsi","isPartOf":{"@id":"https:\/\/apartmani-vrsi.com\/hr\/#website"},"datePublished":"2025-02-23T13:32:37+00:00","dateModified":"2025-03-15T13:35:37+00:00","breadcrumb":{"@id":"https:\/\/apartmani-vrsi.com\/pravila-koristenja\/#breadcrumb"},"inLanguage":"hr","potentialAction":[{"@type":"ReadAction","target":["https:\/\/apartmani-vrsi.com\/pravila-koristenja\/"]}]},{"@type":"BreadcrumbList","@id":"https:\/\/apartmani-vrsi.com\/pravila-koristenja\/#breadcrumb","itemListElement":[{"@type":"ListItem","position":1,"name":"Home","item":"https:\/\/apartmani-vrsi.com\/"},{"@type":"ListItem","position":2,"name":"Terms of use"}]},{"@type":"WebSite","@id":"https:\/\/apartmani-vrsi.com\/hr\/#website","url":"https:\/\/apartmani-vrsi.com\/hr\/","name":"Apartmani Vrsi","description":"","publisher":{"@id":"https:\/\/apartmani-vrsi.com\/hr\/#organization"},"potentialAction":[{"@type":"SearchAction","target":{"@type":"EntryPoint","urlTemplate":"https:\/\/apartmani-vrsi.com\/hr\/?s={search_term_string}"},"query-input":{"@type":"PropertyValueSpecification","valueRequired":true,"valueName":"search_term_string"}}],"inLanguage":"hr"},{"@type":"Organization","@id":"https:\/\/apartmani-vrsi.com\/hr\/#organization","name":"Apartmani Vrsi","url":"https:\/\/apartmani-vrsi.com\/hr\/","logo":{"@type":"ImageObject","inLanguage":"hr","@id":"https:\/\/apartmani-vrsi.com\/hr\/#\/schema\/logo\/image\/","url":"https:\/\/apartmani-vrsi.com\/wp-content\/uploads\/2025\/03\/house.webp","contentUrl":"https:\/\/apartmani-vrsi.com\/wp-content\/uploads\/2025\/03\/house.webp","width":322,"height":200,"caption":"Apartmani Vrsi"},"image":{"@id":"https:\/\/apartmani-vrsi.com\/hr\/#\/schema\/logo\/image\/"},"sameAs":["https:\/\/www.facebook.com\/apt.vrsi.info"]}]}},"_links":{"self":[{"href":"https:\/\/apartmani-vrsi.com\/hr\/wp-json\/wp\/v2\/pages\/3","targetHints":{"allow":["GET"]}}],"collection":[{"href":"https:\/\/apartmani-vrsi.com\/hr\/wp-json\/wp\/v2\/pages"}],"about":[{"href":"https:\/\/apartmani-vrsi.com\/hr\/wp-json\/wp\/v2\/types\/page"}],"author":[{"embeddable":true,"href":"https:\/\/apartmani-vrsi.com\/hr\/wp-json\/wp\/v2\/users\/1"}],"replies":[{"embeddable":true,"href":"https:\/\/apartmani-vrsi.com\/hr\/wp-json\/wp\/v2\/comments?post=3"}],"version-history":[{"count":0,"href":"https:\/\/apartmani-vrsi.com\/hr\/wp-json\/wp\/v2\/pages\/3\/revisions"}],"wp:attachment":[{"href":"https:\/\/apartmani-vrsi.com\/hr\/wp-json\/wp\/v2\/media?parent=3"}],"curies":[{"name":"wp","href":"https:\/\/api.w.org\/{rel}","templated":true}]}}