{"id":4053,"date":"2020-10-14T21:01:40","date_gmt":"2020-10-14T21:01:40","guid":{"rendered":"https:\/\/demo12.gethomey.io\/?page_id=4053"},"modified":"2025-05-19T18:09:04","modified_gmt":"2025-05-19T18:09:04","slug":"kontakt","status":"publish","type":"page","link":"https:\/\/apartmani-vrsi.com\/hr\/kontakt\/","title":{"rendered":"Kontakt"},"content":{"rendered":"<div data-elementor-type=\"wp-page\" data-elementor-id=\"4053\" class=\"elementor elementor-4053\">\n\t\t\t\t\t\t<section class=\"elementor-section elementor-top-section elementor-element elementor-element-e457e92 elementor-section-boxed elementor-section-height-default elementor-section-height-default\" data-id=\"e457e92\" data-element_type=\"section\">\n\t\t\t\t\t\t<div class=\"elementor-container elementor-column-gap-default\">\n\t\t\t\t\t<div class=\"elementor-column elementor-col-100 elementor-top-column elementor-element elementor-element-b171ae8\" data-id=\"b171ae8\" data-element_type=\"column\">\n\t\t\t<div class=\"elementor-widget-wrap elementor-element-populated\">\n\t\t\t\t\t\t<div class=\"elementor-element elementor-element-1aebba9 elementor-widget elementor-widget-spacer\" data-id=\"1aebba9\" data-element_type=\"widget\" data-widget_type=\"spacer.default\">\n\t\t\t\t<div class=\"elementor-widget-container\">\n\t\t\t\t\t\t\t<div class=\"elementor-spacer\">\n\t\t\t<div class=\"elementor-spacer-inner\"><\/div>\n\t\t<\/div>\n\t\t\t\t\t\t<\/div>\n\t\t\t\t<\/div>\n\t\t\t\t\t<\/div>\n\t\t<\/div>\n\t\t\t\t\t<\/div>\n\t\t<\/section>\n\t\t\t\t<section class=\"elementor-section elementor-top-section elementor-element elementor-element-a8ee29e elementor-section-boxed elementor-section-height-default elementor-section-height-default elementor-invisible\" data-id=\"a8ee29e\" data-element_type=\"section\" data-settings=\"{&quot;animation&quot;:&quot;fadeIn&quot;}\">\n\t\t\t\t\t\t<div class=\"elementor-container elementor-column-gap-wider\">\n\t\t\t\t\t<div class=\"elementor-column elementor-col-50 elementor-top-column elementor-element elementor-element-89a52ed\" data-id=\"89a52ed\" data-element_type=\"column\">\n\t\t\t<div class=\"elementor-widget-wrap elementor-element-populated\">\n\t\t\t\t\t\t<div class=\"elementor-element elementor-element-8148e20 elementor-widget elementor-widget-homey_elementor_section_title\" data-id=\"8148e20\" data-element_type=\"widget\" data-widget_type=\"homey_elementor_section_title.default\">\n\t\t\t\t<div class=\"elementor-widget-container\">\n\t\t\t\t\t            <div class=\"homey_section_title_wrap_elementor homey-module module-title section-title-module\">\n                                    <h2 class=\"homey_section_title\">Kontakt<\/h2>\n                \n                            <\/div>\n            \t\t\t\t<\/div>\n\t\t\t\t<\/div>\n\t\t\t\t<div class=\"elementor-element elementor-element-1faa67e elementor-widget elementor-widget-shortcode\" data-id=\"1faa67e\" data-element_type=\"widget\" data-widget_type=\"shortcode.default\">\n\t\t\t\t<div class=\"elementor-widget-container\">\n\t\t\t\t\t\t\t<div class=\"elementor-shortcode\">\n<div class=\"wpcf7 no-js\" id=\"wpcf7-f9-o1\" lang=\"en-US\" dir=\"ltr\" data-wpcf7-id=\"9\">\n<div class=\"screen-reader-response\"><p role=\"status\" aria-live=\"polite\" aria-atomic=\"true\"><\/p> <ul><\/ul><\/div>\n<form action=\"\/hr\/wp-json\/wp\/v2\/pages\/4053#wpcf7-f9-o1\" method=\"post\" class=\"wpcf7-form init\" aria-label=\"Contact form\" novalidate=\"novalidate\" data-status=\"init\" data-trp-original-action=\"\/hr\/wp-json\/wp\/v2\/pages\/4053#wpcf7-f9-o1\">\n<div style=\"display: none;\">\n<input type=\"hidden\" name=\"_wpcf7\" value=\"9\" \/>\n<input type=\"hidden\" name=\"_wpcf7_version\" value=\"6.0.6\" \/>\n<input type=\"hidden\" name=\"_wpcf7_locale\" value=\"en_US\" \/>\n<input type=\"hidden\" name=\"_wpcf7_unit_tag\" value=\"wpcf7-f9-o1\" \/>\n<input type=\"hidden\" name=\"_wpcf7_container_post\" value=\"0\" \/>\n<input type=\"hidden\" name=\"_wpcf7_posted_data_hash\" value=\"\" \/>\n<input type=\"hidden\" name=\"_wpcf7_recaptcha_response\" value=\"\" \/>\n<\/div>\n<p><label> Va\u0161e ime<br \/>\n<span class=\"wpcf7-form-control-wrap\" data-name=\"your-name\"><input size=\"40\" maxlength=\"400\" class=\"wpcf7-form-control wpcf7-text wpcf7-validates-as-required\" autocomplete=\"name\" aria-required=\"true\" aria-invalid=\"false\" value=\"\" type=\"text\" name=\"your-name\" \/><\/span> <\/label>\n<\/p>\n<p><label> Va\u0161 email<br \/>\n<span class=\"wpcf7-form-control-wrap\" data-name=\"your-email\"><input size=\"40\" maxlength=\"400\" class=\"wpcf7-form-control wpcf7-email wpcf7-validates-as-required wpcf7-text wpcf7-validates-as-email\" autocomplete=\"email\" aria-required=\"true\" aria-invalid=\"false\" value=\"\" type=\"email\" name=\"your-email\" \/><\/span> <\/label>\n<\/p>\n<p><label> Predmet<br \/>\n<span class=\"wpcf7-form-control-wrap\" data-name=\"your-subject\"><input size=\"40\" maxlength=\"400\" class=\"wpcf7-form-control wpcf7-text wpcf7-validates-as-required\" aria-required=\"true\" aria-invalid=\"false\" value=\"\" type=\"text\" name=\"your-subject\" \/><\/span> <\/label>\n<\/p>\n<p><label> Poruka<br \/>\n<span class=\"wpcf7-form-control-wrap\" data-name=\"your-message\"><textarea cols=\"40\" rows=\"10\" maxlength=\"2000\" class=\"wpcf7-form-control wpcf7-textarea\" aria-invalid=\"false\" name=\"your-message\"><\/textarea><\/span> <\/label>\n<\/p>\n<p><input class=\"wpcf7-form-control wpcf7-submit has-spinner\" type=\"submit\" value=\"Po\u0161alji\" \/>\n<\/p><div class=\"wpcf7-response-output\" aria-hidden=\"true\"><\/div>\n<input type=\"hidden\" name=\"trp-form-language\" value=\"hr\"\/><\/form>\n<\/div>\n<\/div>\n\t\t\t\t\t\t<\/div>\n\t\t\t\t<\/div>\n\t\t\t\t\t<\/div>\n\t\t<\/div>\n\t\t\t\t<div class=\"elementor-column elementor-col-25 elementor-top-column elementor-element elementor-element-96c0f31\" data-id=\"96c0f31\" data-element_type=\"column\">\n\t\t\t<div class=\"elementor-widget-wrap\">\n\t\t\t\t\t\t\t<\/div>\n\t\t<\/div>\n\t\t\t\t<div class=\"elementor-column elementor-col-25 elementor-top-column elementor-element elementor-element-06ae03f\" data-id=\"06ae03f\" data-element_type=\"column\">\n\t\t\t<div class=\"elementor-widget-wrap elementor-element-populated\">\n\t\t\t\t\t\t<section class=\"elementor-section elementor-inner-section elementor-element elementor-element-8993152 elementor-section-boxed elementor-section-height-default elementor-section-height-default\" data-id=\"8993152\" data-element_type=\"section\" data-settings=\"{&quot;background_background&quot;:&quot;classic&quot;}\">\n\t\t\t\t\t\t<div class=\"elementor-container elementor-column-gap-default\">\n\t\t\t\t\t<div class=\"elementor-column elementor-col-100 elementor-inner-column elementor-element elementor-element-ab7824b\" data-id=\"ab7824b\" data-element_type=\"column\">\n\t\t\t<div class=\"elementor-widget-wrap elementor-element-populated\">\n\t\t\t\t\t\t<div class=\"elementor-element elementor-element-ad2ebf1 elementor-widget elementor-widget-heading\" data-id=\"ad2ebf1\" data-element_type=\"widget\" data-widget_type=\"heading.default\">\n\t\t\t\t<div class=\"elementor-widget-container\">\n\t\t\t\t\t<h3 class=\"elementor-heading-title elementor-size-default\">Direktni kontakt\n<\/h3>\t\t\t\t<\/div>\n\t\t\t\t<\/div>\n\t\t\t\t<div class=\"elementor-element elementor-element-3050626 elementor-widget elementor-widget-text-editor\" data-id=\"3050626\" data-element_type=\"widget\" data-widget_type=\"text-editor.default\">\n\t\t\t\t<div class=\"elementor-widget-container\">\n\t\t\t\t\t\t\t\t\t<div class=\"wpb_text_column wpb_content_element vc_custom_1540491007246\"><div class=\"wpb_wrapper\"><p><strong>E-po\u0161ta<\/strong>: info@apartmani-vrsi.com<\/p><\/div><\/div>\t\t\t\t\t\t\t\t<\/div>\n\t\t\t\t<\/div>\n\t\t\t\t\t<\/div>\n\t\t<\/div>\n\t\t\t\t\t<\/div>\n\t\t<\/section>\n\t\t\t\t<section class=\"elementor-section elementor-inner-section elementor-element elementor-element-95f720d elementor-section-boxed elementor-section-height-default elementor-section-height-default\" data-id=\"95f720d\" data-element_type=\"section\" data-settings=\"{&quot;background_background&quot;:&quot;classic&quot;}\">\n\t\t\t\t\t\t<div class=\"elementor-container elementor-column-gap-default\">\n\t\t\t\t\t<div class=\"elementor-column elementor-col-100 elementor-inner-column elementor-element elementor-element-b4ba1fd\" data-id=\"b4ba1fd\" data-element_type=\"column\">\n\t\t\t<div class=\"elementor-widget-wrap elementor-element-populated\">\n\t\t\t\t\t\t<div class=\"elementor-element elementor-element-0e540c1 elementor-widget elementor-widget-sidebar\" data-id=\"0e540c1\" data-element_type=\"widget\" data-widget_type=\"sidebar.default\">\n\t\t\t\t<div class=\"elementor-widget-container\">\n\t\t\t\t\t<div id=\"search-2\" class=\"widget widget_search\"><div class=\"widget-top\"><h3 class=\"widget-title\">Potra\u017ei<\/h3><\/div><form role=\"search\" method=\"get\" id=\"searchform\" class=\"searchform\" action=\"https:\/\/apartmani-vrsi.com\/hr\/\" data-trp-original-action=\"https:\/\/apartmani-vrsi.com\/hr\/\">\n\t<div>\n\t\t<input value=\"\" name=\"s\" id=\"s\" type=\"text\" placeholder=\"Potra\u017ei\">\n\t\t<button type=\"submit\"><\/button>\n\t<\/div>\n<input type=\"hidden\" name=\"trp-form-language\" value=\"hr\"\/><\/form><\/div><div id=\"homey_latest_posts-2\" class=\"widget widget-latest-posts\"><div class=\"widget-top\"><h3 class=\"widget-title\">Posljednje objave<\/h3><\/div>            \n                        \n\n\t\t\t<div class=\"widget-body\">\n\n\t\t\t\t\t\t\t\t\n\t\t\t\t\t<div class=\"item-list-view\">\n\t\t\t            <div class=\"media property-item\">\n\t\t\t                <div class=\"media-left\">\n\t\t\t                    <div class=\"item-media item-media-thumb\">\n\n\t\t\t                        <a href=\"https:\/\/apartmani-vrsi.com\/hr\/2025\/03\/14\/zasto-odabrati-vrsi-za-svoj-sljedeci-godisnji-odmor\/\">\n\t\t\t                        \t<img decoding=\"async\" width=\"120\" height=\"80\" src=\"https:\/\/apartmani-vrsi.com\/wp-content\/uploads\/2025\/03\/vrsi-draga-120x80.jpeg\" class=\"img-responsive wp-post-image\" alt=\"\" srcset=\"https:\/\/apartmani-vrsi.com\/wp-content\/uploads\/2025\/03\/vrsi-draga-120x80.jpeg 120w, https:\/\/apartmani-vrsi.com\/wp-content\/uploads\/2025\/03\/vrsi-draga-450x300.jpeg 450w\" sizes=\"(max-width: 120px) 100vw, 120px\" \/>\t\t\t                        <\/a>\n\t\t\t                    <\/div>\n\t\t\t                <\/div>\n\t\t\t                <div class=\"media-body item-body clearfix\">\n\t\t\t                    <div class=\"item-title-head\">\n\t\t\t                        <div class=\"title-head-left\">\n\t\t\t                            <h2 class=\"title\"><a href=\"https:\/\/apartmani-vrsi.com\/hr\/2025\/03\/14\/zasto-odabrati-vrsi-za-svoj-sljedeci-godisnji-odmor\/\">Za\u0161to odabrati Vrsi za svoj sljede\u0107i godi\u0161nji odmor?<\/a><\/h2>\n\t\t\t                            <span class=\"recent-posts-date\">\n\t\t\t                            <i class=\"homey-icon homey-icon-calendar-3\"><\/i> 1 godina ago\t\t\t                        \t<\/span>\n\t\t\t                            <span class=\"post-author\">\n\t\t\t                            \tby \n\t\t\t                            \t<a href=\"https:\/\/apartmani-vrsi.com\/hr\/author\/toni\/\">Apartmani Vrsi<\/a>\n\t\t\t                        \t<\/span>\n\t\t\t                        <\/div>\n\t\t\t                    <\/div>\n\t\t\t                    <p>Vrsi su obalni raj koji se... <a href=\"https:\/\/apartmani-vrsi.com\/hr\/2025\/03\/14\/zasto-odabrati-vrsi-za-svoj-sljedeci-godisnji-odmor\/\">Read More<\/a><\/p>\n\t\t\t                <\/div>\n\t\t\t            <\/div>\n\t\t\t        <\/div><!-- .item-wrap -->\n\n\n\t\t\t\t\n\t\t\t\t\t<div class=\"item-list-view\">\n\t\t\t            <div class=\"media property-item\">\n\t\t\t                <div class=\"media-left\">\n\t\t\t                    <div class=\"item-media item-media-thumb\">\n\n\t\t\t                        <a href=\"https:\/\/apartmani-vrsi.com\/hr\/2025\/03\/14\/bez-naknada-za-rezervaciju-izravno-kontaktirajte-domacine\/\">\n\t\t\t                        \t<img decoding=\"async\" width=\"120\" height=\"80\" src=\"https:\/\/apartmani-vrsi.com\/wp-content\/uploads\/2025\/03\/apartmani-vrsi-iznajmljivanje-120x80.jpeg\" class=\"img-responsive wp-post-image\" alt=\"\" srcset=\"https:\/\/apartmani-vrsi.com\/wp-content\/uploads\/2025\/03\/apartmani-vrsi-iznajmljivanje-120x80.jpeg 120w, https:\/\/apartmani-vrsi.com\/wp-content\/uploads\/2025\/03\/apartmani-vrsi-iznajmljivanje-300x200.jpeg 300w, https:\/\/apartmani-vrsi.com\/wp-content\/uploads\/2025\/03\/apartmani-vrsi-iznajmljivanje-450x300.jpeg 450w, https:\/\/apartmani-vrsi.com\/wp-content\/uploads\/2025\/03\/apartmani-vrsi-iznajmljivanje.jpeg 735w\" sizes=\"(max-width: 120px) 100vw, 120px\" \/>\t\t\t                        <\/a>\n\t\t\t                    <\/div>\n\t\t\t                <\/div>\n\t\t\t                <div class=\"media-body item-body clearfix\">\n\t\t\t                    <div class=\"item-title-head\">\n\t\t\t                        <div class=\"title-head-left\">\n\t\t\t                            <h2 class=\"title\"><a href=\"https:\/\/apartmani-vrsi.com\/hr\/2025\/03\/14\/bez-naknada-za-rezervaciju-izravno-kontaktirajte-domacine\/\">Bez naknada za rezervaciju \u2013 izravno kontaktirajte doma\u0107ine!<\/a><\/h2>\n\t\t\t                            <span class=\"recent-posts-date\">\n\t\t\t                            <i class=\"homey-icon homey-icon-calendar-3\"><\/i> 1 godina ago\t\t\t                        \t<\/span>\n\t\t\t                            <span class=\"post-author\">\n\t\t\t                            \tby \n\t\t\t                            \t<a href=\"https:\/\/apartmani-vrsi.com\/hr\/author\/toni\/\">Apartmani Vrsi<\/a>\n\t\t\t                        \t<\/span>\n\t\t\t                        <\/div>\n\t\t\t                    <\/div>\n\t\t\t                    <p>Jedna od najboljih prednosti rezervacije smje\u0161taja... <a href=\"https:\/\/apartmani-vrsi.com\/hr\/2025\/03\/14\/bez-naknada-za-rezervaciju-izravno-kontaktirajte-domacine\/\">Read More<\/a><\/p>\n\t\t\t                <\/div>\n\t\t\t            <\/div>\n\t\t\t        <\/div><!-- .item-wrap -->\n\n\n\t\t\t\t\n\t\t\t\t\t<div class=\"item-list-view\">\n\t\t\t            <div class=\"media property-item\">\n\t\t\t                <div class=\"media-left\">\n\t\t\t                    <div class=\"item-media item-media-thumb\">\n\n\t\t\t                        <a href=\"https:\/\/apartmani-vrsi.com\/hr\/2025\/03\/14\/o-vrsima\/\">\n\t\t\t                        \t<img decoding=\"async\" width=\"120\" height=\"80\" src=\"https:\/\/apartmani-vrsi.com\/wp-content\/uploads\/2025\/03\/vrsi-mulo-120x80.jpg\" class=\"img-responsive wp-post-image\" alt=\"\" srcset=\"https:\/\/apartmani-vrsi.com\/wp-content\/uploads\/2025\/03\/vrsi-mulo-120x80.jpg 120w, https:\/\/apartmani-vrsi.com\/wp-content\/uploads\/2025\/03\/vrsi-mulo-300x200.jpg 300w, https:\/\/apartmani-vrsi.com\/wp-content\/uploads\/2025\/03\/vrsi-mulo-768x511.jpg 768w, https:\/\/apartmani-vrsi.com\/wp-content\/uploads\/2025\/03\/vrsi-mulo-450x300.jpg 450w, https:\/\/apartmani-vrsi.com\/wp-content\/uploads\/2025\/03\/vrsi-mulo-751x500.jpg 751w, https:\/\/apartmani-vrsi.com\/wp-content\/uploads\/2025\/03\/vrsi-mulo.jpg 802w\" sizes=\"(max-width: 120px) 100vw, 120px\" \/>\t\t\t                        <\/a>\n\t\t\t                    <\/div>\n\t\t\t                <\/div>\n\t\t\t                <div class=\"media-body item-body clearfix\">\n\t\t\t                    <div class=\"item-title-head\">\n\t\t\t                        <div class=\"title-head-left\">\n\t\t\t                            <h2 class=\"title\"><a href=\"https:\/\/apartmani-vrsi.com\/hr\/2025\/03\/14\/o-vrsima\/\">O Vrsima<\/a><\/h2>\n\t\t\t                            <span class=\"recent-posts-date\">\n\t\t\t                            <i class=\"homey-icon homey-icon-calendar-3\"><\/i> 1 godina ago\t\t\t                        \t<\/span>\n\t\t\t                            <span class=\"post-author\">\n\t\t\t                            \tby \n\t\t\t                            \t<a href=\"https:\/\/apartmani-vrsi.com\/hr\/author\/toni\/\">Apartmani Vrsi<\/a>\n\t\t\t                        \t<\/span>\n\t\t\t                        <\/div>\n\t\t\t                    <\/div>\n\t\t\t                    <p>Vrsi su turisti\u010dko mjesto i sredi\u0161te... <a href=\"https:\/\/apartmani-vrsi.com\/hr\/2025\/03\/14\/o-vrsima\/\">Read More<\/a><\/p>\n\t\t\t                <\/div>\n\t\t\t            <\/div>\n\t\t\t        <\/div><!-- .item-wrap -->\n\n\n\t\t\t\t\t\t\t\t\n\t\t\t\t\t\t\t\t\n\t\t\t<\/div>\n\n\n\t    <\/div><div id=\"homey_latest_comments-1\" class=\"widget widget-latest-comments\"><div class=\"widget-top\"><h3 class=\"widget-title\">Zadnji komentari<\/h3><\/div>\r\n            <div class=\"widget-body\">\r\n                        <\/div>\r\n\r\n\r\n<\/div>\t\t\t\t<\/div>\n\t\t\t\t<\/div>\n\t\t\t\t\t<\/div>\n\t\t<\/div>\n\t\t\t\t\t<\/div>\n\t\t<\/section>\n\t\t\t\t\t<\/div>\n\t\t<\/div>\n\t\t\t\t\t<\/div>\n\t\t<\/section>\n\t\t\t\t<section class=\"elementor-section elementor-top-section elementor-element elementor-element-76cb716 elementor-section-boxed elementor-section-height-default elementor-section-height-default\" data-id=\"76cb716\" data-element_type=\"section\">\n\t\t\t\t\t\t<div class=\"elementor-container elementor-column-gap-default\">\n\t\t\t\t\t<div class=\"elementor-column elementor-col-100 elementor-top-column elementor-element elementor-element-fa96f30\" data-id=\"fa96f30\" data-element_type=\"column\">\n\t\t\t<div class=\"elementor-widget-wrap elementor-element-populated\">\n\t\t\t\t\t\t<div class=\"elementor-element elementor-element-7d13368 elementor-widget elementor-widget-spacer\" data-id=\"7d13368\" data-element_type=\"widget\" data-widget_type=\"spacer.default\">\n\t\t\t\t<div class=\"elementor-widget-container\">\n\t\t\t\t\t\t\t<div class=\"elementor-spacer\">\n\t\t\t<div class=\"elementor-spacer-inner\"><\/div>\n\t\t<\/div>\n\t\t\t\t\t\t<\/div>\n\t\t\t\t<\/div>\n\t\t\t\t\t<\/div>\n\t\t<\/div>\n\t\t\t\t\t<\/div>\n\t\t<\/section>\n\t\t\t\t<\/div>","protected":false},"excerpt":{"rendered":"<p>Contact us Direct Contact Email: info@apartmani-vrsi.com<\/p>","protected":false},"author":1,"featured_media":0,"parent":0,"menu_order":0,"comment_status":"closed","ping_status":"closed","template":"elementor_header_footer","meta":{"footnotes":""},"class_list":["post-4053","page","type-page","status-publish","hentry"],"yoast_head":"<!-- This site is optimized with the Yoast SEO plugin v25.2 - https:\/\/yoast.com\/wordpress\/plugins\/seo\/ -->\n<title>Contact us - Apartmani Vrsi<\/title>\n<meta name=\"robots\" content=\"index, follow, max-snippet:-1, max-image-preview:large, max-video-preview:-1\" \/>\n<link rel=\"canonical\" href=\"https:\/\/apartmani-vrsi.com\/hr\/kontakt\/\" \/>\n<meta property=\"og:locale\" content=\"hr_HR\" \/>\n<meta property=\"og:type\" content=\"article\" \/>\n<meta property=\"og:title\" content=\"Contact us - Apartmani Vrsi\" \/>\n<meta property=\"og:description\" content=\"Contact us Direct Contact Email: info@apartmani-vrsi.com\" \/>\n<meta property=\"og:url\" content=\"https:\/\/apartmani-vrsi.com\/hr\/kontakt\/\" \/>\n<meta property=\"og:site_name\" content=\"Apartmani Vrsi\" \/>\n<meta property=\"article:publisher\" content=\"https:\/\/www.facebook.com\/apt.vrsi.info\" \/>\n<meta property=\"article:modified_time\" content=\"2025-05-19T18:09:04+00:00\" \/>\n<meta property=\"og:image\" content=\"https:\/\/apartmani-vrsi.com\/wp-content\/uploads\/2025\/04\/Original-on-transparent.png\" \/>\n\t<meta property=\"og:image:width\" content=\"1200\" \/>\n\t<meta property=\"og:image:height\" content=\"547\" \/>\n\t<meta property=\"og:image:type\" content=\"image\/png\" \/>\n<meta name=\"twitter:card\" content=\"summary_large_image\" \/>\n<meta name=\"twitter:label1\" content=\"Procijenjeno vrijeme \u010ditanja\" \/>\n\t<meta name=\"twitter:data1\" content=\"1 minuta\" \/>\n<script type=\"application\/ld+json\" class=\"yoast-schema-graph\">{\"@context\":\"https:\/\/schema.org\",\"@graph\":[{\"@type\":\"WebPage\",\"@id\":\"https:\/\/apartmani-vrsi.com\/kontakt\/\",\"url\":\"https:\/\/apartmani-vrsi.com\/kontakt\/\",\"name\":\"Contact us - Apartmani Vrsi\",\"isPartOf\":{\"@id\":\"https:\/\/apartmani-vrsi.com\/hr\/#website\"},\"datePublished\":\"2020-10-14T21:01:40+00:00\",\"dateModified\":\"2025-05-19T18:09:04+00:00\",\"breadcrumb\":{\"@id\":\"https:\/\/apartmani-vrsi.com\/kontakt\/#breadcrumb\"},\"inLanguage\":\"hr\",\"potentialAction\":[{\"@type\":\"ReadAction\",\"target\":[\"https:\/\/apartmani-vrsi.com\/kontakt\/\"]}]},{\"@type\":\"BreadcrumbList\",\"@id\":\"https:\/\/apartmani-vrsi.com\/kontakt\/#breadcrumb\",\"itemListElement\":[{\"@type\":\"ListItem\",\"position\":1,\"name\":\"Home\",\"item\":\"https:\/\/apartmani-vrsi.com\/\"},{\"@type\":\"ListItem\",\"position\":2,\"name\":\"Contact us\"}]},{\"@type\":\"WebSite\",\"@id\":\"https:\/\/apartmani-vrsi.com\/hr\/#website\",\"url\":\"https:\/\/apartmani-vrsi.com\/hr\/\",\"name\":\"Apartmani Vrsi\",\"description\":\"\",\"publisher\":{\"@id\":\"https:\/\/apartmani-vrsi.com\/hr\/#organization\"},\"potentialAction\":[{\"@type\":\"SearchAction\",\"target\":{\"@type\":\"EntryPoint\",\"urlTemplate\":\"https:\/\/apartmani-vrsi.com\/hr\/?s={search_term_string}\"},\"query-input\":{\"@type\":\"PropertyValueSpecification\",\"valueRequired\":true,\"valueName\":\"search_term_string\"}}],\"inLanguage\":\"hr\"},{\"@type\":\"Organization\",\"@id\":\"https:\/\/apartmani-vrsi.com\/hr\/#organization\",\"name\":\"Apartmani Vrsi\",\"url\":\"https:\/\/apartmani-vrsi.com\/hr\/\",\"logo\":{\"@type\":\"ImageObject\",\"inLanguage\":\"hr\",\"@id\":\"https:\/\/apartmani-vrsi.com\/hr\/#\/schema\/logo\/image\/\",\"url\":\"https:\/\/apartmani-vrsi.com\/wp-content\/uploads\/2025\/03\/house.webp\",\"contentUrl\":\"https:\/\/apartmani-vrsi.com\/wp-content\/uploads\/2025\/03\/house.webp\",\"width\":322,\"height\":200,\"caption\":\"Apartmani Vrsi\"},\"image\":{\"@id\":\"https:\/\/apartmani-vrsi.com\/hr\/#\/schema\/logo\/image\/\"},\"sameAs\":[\"https:\/\/www.facebook.com\/apt.vrsi.info\"]}]}<\/script>\n<!-- \/ Yoast SEO plugin. -->","yoast_head_json":{"title":"Contact us - Apartmani Vrsi","robots":{"index":"index","follow":"follow","max-snippet":"max-snippet:-1","max-image-preview":"max-image-preview:large","max-video-preview":"max-video-preview:-1"},"canonical":"https:\/\/apartmani-vrsi.com\/hr\/kontakt\/","og_locale":"hr_HR","og_type":"article","og_title":"Contact us - Apartmani Vrsi","og_description":"Contact us Direct Contact Email: info@apartmani-vrsi.com","og_url":"https:\/\/apartmani-vrsi.com\/hr\/kontakt\/","og_site_name":"Apartmani Vrsi","article_publisher":"https:\/\/www.facebook.com\/apt.vrsi.info","article_modified_time":"2025-05-19T18:09:04+00:00","og_image":[{"width":1200,"height":547,"url":"https:\/\/apartmani-vrsi.com\/wp-content\/uploads\/2025\/04\/Original-on-transparent.png","type":"image\/png"}],"twitter_card":"summary_large_image","twitter_misc":{"Procijenjeno vrijeme \u010ditanja":"1 minuta"},"schema":{"@context":"https:\/\/schema.org","@graph":[{"@type":"WebPage","@id":"https:\/\/apartmani-vrsi.com\/kontakt\/","url":"https:\/\/apartmani-vrsi.com\/kontakt\/","name":"Contact us - Apartmani Vrsi","isPartOf":{"@id":"https:\/\/apartmani-vrsi.com\/hr\/#website"},"datePublished":"2020-10-14T21:01:40+00:00","dateModified":"2025-05-19T18:09:04+00:00","breadcrumb":{"@id":"https:\/\/apartmani-vrsi.com\/kontakt\/#breadcrumb"},"inLanguage":"hr","potentialAction":[{"@type":"ReadAction","target":["https:\/\/apartmani-vrsi.com\/kontakt\/"]}]},{"@type":"BreadcrumbList","@id":"https:\/\/apartmani-vrsi.com\/kontakt\/#breadcrumb","itemListElement":[{"@type":"ListItem","position":1,"name":"Home","item":"https:\/\/apartmani-vrsi.com\/"},{"@type":"ListItem","position":2,"name":"Contact us"}]},{"@type":"WebSite","@id":"https:\/\/apartmani-vrsi.com\/hr\/#website","url":"https:\/\/apartmani-vrsi.com\/hr\/","name":"Apartmani Vrsi","description":"","publisher":{"@id":"https:\/\/apartmani-vrsi.com\/hr\/#organization"},"potentialAction":[{"@type":"SearchAction","target":{"@type":"EntryPoint","urlTemplate":"https:\/\/apartmani-vrsi.com\/hr\/?s={search_term_string}"},"query-input":{"@type":"PropertyValueSpecification","valueRequired":true,"valueName":"search_term_string"}}],"inLanguage":"hr"},{"@type":"Organization","@id":"https:\/\/apartmani-vrsi.com\/hr\/#organization","name":"Apartmani Vrsi","url":"https:\/\/apartmani-vrsi.com\/hr\/","logo":{"@type":"ImageObject","inLanguage":"hr","@id":"https:\/\/apartmani-vrsi.com\/hr\/#\/schema\/logo\/image\/","url":"https:\/\/apartmani-vrsi.com\/wp-content\/uploads\/2025\/03\/house.webp","contentUrl":"https:\/\/apartmani-vrsi.com\/wp-content\/uploads\/2025\/03\/house.webp","width":322,"height":200,"caption":"Apartmani Vrsi"},"image":{"@id":"https:\/\/apartmani-vrsi.com\/hr\/#\/schema\/logo\/image\/"},"sameAs":["https:\/\/www.facebook.com\/apt.vrsi.info"]}]}},"_links":{"self":[{"href":"https:\/\/apartmani-vrsi.com\/hr\/wp-json\/wp\/v2\/pages\/4053","targetHints":{"allow":["GET"]}}],"collection":[{"href":"https:\/\/apartmani-vrsi.com\/hr\/wp-json\/wp\/v2\/pages"}],"about":[{"href":"https:\/\/apartmani-vrsi.com\/hr\/wp-json\/wp\/v2\/types\/page"}],"author":[{"embeddable":true,"href":"https:\/\/apartmani-vrsi.com\/hr\/wp-json\/wp\/v2\/users\/1"}],"replies":[{"embeddable":true,"href":"https:\/\/apartmani-vrsi.com\/hr\/wp-json\/wp\/v2\/comments?post=4053"}],"version-history":[{"count":6,"href":"https:\/\/apartmani-vrsi.com\/hr\/wp-json\/wp\/v2\/pages\/4053\/revisions"}],"predecessor-version":[{"id":6355,"href":"https:\/\/apartmani-vrsi.com\/hr\/wp-json\/wp\/v2\/pages\/4053\/revisions\/6355"}],"wp:attachment":[{"href":"https:\/\/apartmani-vrsi.com\/hr\/wp-json\/wp\/v2\/media?parent=4053"}],"curies":[{"name":"wp","href":"https:\/\/api.w.org\/{rel}","templated":true}]}}